{"id":2078,"date":"2022-08-31T21:18:05","date_gmt":"2022-08-31T19:18:05","guid":{"rendered":"http:\/\/culture-zatous.com\/?page_id=2078"},"modified":"2023-09-12T09:38:52","modified_gmt":"2023-09-12T07:38:52","slug":"nos-missions","status":"publish","type":"page","link":"http:\/\/culture-zatous.com\/?page_id=2078","title":{"rendered":"Nos missions"},"content":{"rendered":"\t\t<div data-elementor-type=\"wp-page\" data-elementor-id=\"2078\" class=\"elementor elementor-2078\" data-elementor-settings=\"{&quot;ha_cmc_init_switcher&quot;:&quot;no&quot;}\" data-elementor-post-type=\"page\">\n\t\t\t\t\t\t<section class=\"elementor-section elementor-top-section elementor-element elementor-element-185ac38 elementor-section-boxed elementor-section-height-default elementor-section-height-default\" data-id=\"185ac38\" data-element_type=\"section\" data-settings=\"{&quot;_ha_eqh_enable&quot;:false}\">\n\t\t\t\t\t\t<div class=\"elementor-container elementor-column-gap-default\">\n\t\t\t\t\t<div class=\"elementor-column elementor-col-100 elementor-top-column elementor-element elementor-element-6d539ea\" data-id=\"6d539ea\" data-element_type=\"column\">\n\t\t\t<div class=\"elementor-widget-wrap elementor-element-populated\">\n\t\t\t\t\t\t<div class=\"elementor-element elementor-element-0faa2ed elementor-widget elementor-widget-spacer\" data-id=\"0faa2ed\" data-element_type=\"widget\" data-widget_type=\"spacer.default\">\n\t\t\t\t<div class=\"elementor-widget-container\">\n\t\t\t\t\t\t\t<div class=\"elementor-spacer\">\n\t\t\t<div class=\"elementor-spacer-inner\"><\/div>\n\t\t<\/div>\n\t\t\t\t\t\t<\/div>\n\t\t\t\t<\/div>\n\t\t\t\t<div class=\"elementor-element elementor-element-3e2cb3d elementor-widget elementor-widget-heading\" data-id=\"3e2cb3d\" data-element_type=\"widget\" data-widget_type=\"heading.default\">\n\t\t\t\t<div class=\"elementor-widget-container\">\n\t\t\t\t\t<h1 class=\"elementor-heading-title elementor-size-default\">Un \u00e9cosyst\u00e8me solidaire<\/h1>\t\t\t\t<\/div>\n\t\t\t\t<\/div>\n\t\t\t\t<div class=\"elementor-element elementor-element-bd2fe88 elementor-widget elementor-widget-spacer\" data-id=\"bd2fe88\" data-element_type=\"widget\" data-widget_type=\"spacer.default\">\n\t\t\t\t<div class=\"elementor-widget-container\">\n\t\t\t\t\t\t\t<div class=\"elementor-spacer\">\n\t\t\t<div class=\"elementor-spacer-inner\"><\/div>\n\t\t<\/div>\n\t\t\t\t\t\t<\/div>\n\t\t\t\t<\/div>\n\t\t\t\t<div class=\"elementor-element elementor-element-65ac7ee elementor-widget elementor-widget-spacer\" data-id=\"65ac7ee\" data-element_type=\"widget\" data-widget_type=\"spacer.default\">\n\t\t\t\t<div class=\"elementor-widget-container\">\n\t\t\t\t\t\t\t<div class=\"elementor-spacer\">\n\t\t\t<div class=\"elementor-spacer-inner\"><\/div>\n\t\t<\/div>\n\t\t\t\t\t\t<\/div>\n\t\t\t\t<\/div>\n\t\t\t\t<div class=\"elementor-element elementor-element-0619adb elementor-widget elementor-widget-text-editor\" data-id=\"0619adb\" data-element_type=\"widget\" data-widget_type=\"text-editor.default\">\n\t\t\t\t<div class=\"elementor-widget-container\">\n\t\t\t\t\t\t\t\t\t<p>En collaboration avec des structures sociales et des acteurs culturels locaux, Culture Zatous facilite l&#8217;acc\u00e8s et la pratique de la culture, du sport et du loisirs pour des personnes isol\u00e9es et fragilis\u00e9es. Depuis 2004, le r\u00e9seau solidaire contribue \u00e0 lever les barri\u00e8res financi\u00e8res, symboliques et psychologiques. L&#8217;\u00e9quipe m\u00e8ne des actions tout au long de l&#8217;ann\u00e9e pour offrir : <\/p>\t\t\t\t\t\t\t\t<\/div>\n\t\t\t\t<\/div>\n\t\t\t\t<div class=\"elementor-element elementor-element-5e3af2e elementor-widget elementor-widget-spacer\" data-id=\"5e3af2e\" data-element_type=\"widget\" data-widget_type=\"spacer.default\">\n\t\t\t\t<div class=\"elementor-widget-container\">\n\t\t\t\t\t\t\t<div class=\"elementor-spacer\">\n\t\t\t<div class=\"elementor-spacer-inner\"><\/div>\n\t\t<\/div>\n\t\t\t\t\t\t<\/div>\n\t\t\t\t<\/div>\n\t\t\t\t\t<\/div>\n\t\t<\/div>\n\t\t\t\t\t<\/div>\n\t\t<\/section>\n\t\t\t\t<section class=\"elementor-section elementor-top-section elementor-element elementor-element-a4c9ea4 elementor-section-boxed elementor-section-height-default elementor-section-height-default\" data-id=\"a4c9ea4\" data-element_type=\"section\" data-settings=\"{&quot;_ha_eqh_enable&quot;:false}\">\n\t\t\t\t\t\t<div class=\"elementor-container elementor-column-gap-default\">\n\t\t\t\t\t<div class=\"elementor-column elementor-col-33 elementor-top-column elementor-element elementor-element-9b53ca0\" data-id=\"9b53ca0\" data-element_type=\"column\">\n\t\t\t<div class=\"elementor-widget-wrap elementor-element-populated\">\n\t\t\t\t\t\t<div class=\"elementor-element elementor-element-c21e56e elementor-widget elementor-widget-heading\" data-id=\"c21e56e\" data-element_type=\"widget\" data-widget_type=\"heading.default\">\n\t\t\t\t<div class=\"elementor-widget-container\">\n\t\t\t\t\t<h3 class=\"elementor-heading-title elementor-size-default\">Aux b\u00e9n\u00e9ficiaires<\/h3>\t\t\t\t<\/div>\n\t\t\t\t<\/div>\n\t\t\t\t<div class=\"elementor-element elementor-element-b10cafd elementor-widget elementor-widget-ha-icon-box happy-addon ha-icon-box\" data-id=\"b10cafd\" data-element_type=\"widget\" data-widget_type=\"ha-icon-box.default\">\n\t\t\t\t<div class=\"elementor-widget-container\">\n\t\t\t\n\t\t\n\t\t<h3 class=\"ha-icon-box-title\">Une \u00e9ducation artistique, culturelle et sportive tout au long de la vie<\/h3>\t\t<\/div>\n\t\t\t\t<\/div>\n\t\t\t\t\t<\/div>\n\t\t<\/div>\n\t\t\t\t<div class=\"elementor-column elementor-col-33 elementor-top-column elementor-element elementor-element-fd967ed\" data-id=\"fd967ed\" data-element_type=\"column\">\n\t\t\t<div class=\"elementor-widget-wrap elementor-element-populated\">\n\t\t\t\t\t\t<div class=\"elementor-element elementor-element-2035408 elementor-widget elementor-widget-heading\" data-id=\"2035408\" data-element_type=\"widget\" data-widget_type=\"heading.default\">\n\t\t\t\t<div class=\"elementor-widget-container\">\n\t\t\t\t\t<h3 class=\"elementor-heading-title elementor-size-default\">Aux structures sociales<\/h3>\t\t\t\t<\/div>\n\t\t\t\t<\/div>\n\t\t\t\t<div class=\"elementor-element elementor-element-bc064f4 elementor-widget elementor-widget-ha-icon-box happy-addon ha-icon-box\" data-id=\"bc064f4\" data-element_type=\"widget\" data-widget_type=\"ha-icon-box.default\">\n\t\t\t\t<div class=\"elementor-widget-container\">\n\t\t\t\n\t\t\n\t\t<h2 class=\"ha-icon-box-title\">Des outils culturels adapt\u00e9s au parcours de vie de l'individu<\/h2>\t\t<\/div>\n\t\t\t\t<\/div>\n\t\t\t\t\t<\/div>\n\t\t<\/div>\n\t\t\t\t<div class=\"elementor-column elementor-col-33 elementor-top-column elementor-element elementor-element-4e26be6\" data-id=\"4e26be6\" data-element_type=\"column\">\n\t\t\t<div class=\"elementor-widget-wrap elementor-element-populated\">\n\t\t\t\t\t\t<div class=\"elementor-element elementor-element-b2ff233 elementor-widget elementor-widget-heading\" data-id=\"b2ff233\" data-element_type=\"widget\" data-widget_type=\"heading.default\">\n\t\t\t\t<div class=\"elementor-widget-container\">\n\t\t\t\t\t<h3 class=\"elementor-heading-title elementor-size-default\">Aux acteurs culturels<\/h3>\t\t\t\t<\/div>\n\t\t\t\t<\/div>\n\t\t\t\t<div class=\"elementor-element elementor-element-68024e9 elementor-widget elementor-widget-ha-icon-box happy-addon ha-icon-box\" data-id=\"68024e9\" data-element_type=\"widget\" data-widget_type=\"ha-icon-box.default\">\n\t\t\t\t<div class=\"elementor-widget-container\">\n\t\t\t\n\t\t\n\t\t<h2 class=\"ha-icon-box-title\">Des projets collaboratifs pour mener une politique de solidarit\u00e9<\/h2>\t\t<\/div>\n\t\t\t\t<\/div>\n\t\t\t\t\t<\/div>\n\t\t<\/div>\n\t\t\t\t\t<\/div>\n\t\t<\/section>\n\t\t\t\t<section class=\"elementor-section elementor-top-section elementor-element elementor-element-4a127b1 elementor-section-boxed elementor-section-height-default elementor-section-height-default\" data-id=\"4a127b1\" data-element_type=\"section\" data-settings=\"{&quot;_ha_eqh_enable&quot;:false}\">\n\t\t\t\t\t\t<div class=\"elementor-container elementor-column-gap-default\">\n\t\t\t\t\t<div class=\"elementor-column elementor-col-100 elementor-top-column elementor-element elementor-element-7c94b73\" data-id=\"7c94b73\" data-element_type=\"column\">\n\t\t\t<div class=\"elementor-widget-wrap elementor-element-populated\">\n\t\t\t\t\t\t<div class=\"elementor-element elementor-element-f95eb79 elementor-widget elementor-widget-spacer\" data-id=\"f95eb79\" data-element_type=\"widget\" data-widget_type=\"spacer.default\">\n\t\t\t\t<div class=\"elementor-widget-container\">\n\t\t\t\t\t\t\t<div class=\"elementor-spacer\">\n\t\t\t<div class=\"elementor-spacer-inner\"><\/div>\n\t\t<\/div>\n\t\t\t\t\t\t<\/div>\n\t\t\t\t<\/div>\n\t\t\t\t<div class=\"elementor-element elementor-element-5cbbfb5 elementor-widget elementor-widget-heading\" data-id=\"5cbbfb5\" data-element_type=\"widget\" data-widget_type=\"heading.default\">\n\t\t\t\t<div class=\"elementor-widget-container\">\n\t\t\t\t\t<h2 class=\"elementor-heading-title elementor-size-default\"><b>Pour une culture pour tous<\/b><\/h2>\t\t\t\t<\/div>\n\t\t\t\t<\/div>\n\t\t\t\t<div class=\"elementor-element elementor-element-411626c elementor-widget elementor-widget-spacer\" data-id=\"411626c\" data-element_type=\"widget\" data-widget_type=\"spacer.default\">\n\t\t\t\t<div class=\"elementor-widget-container\">\n\t\t\t\t\t\t\t<div class=\"elementor-spacer\">\n\t\t\t<div class=\"elementor-spacer-inner\"><\/div>\n\t\t<\/div>\n\t\t\t\t\t\t<\/div>\n\t\t\t\t<\/div>\n\t\t\t\t<div class=\"elementor-element elementor-element-64b0106 elementor-widget elementor-widget-text-editor\" data-id=\"64b0106\" data-element_type=\"widget\" data-widget_type=\"text-editor.default\">\n\t\t\t\t<div class=\"elementor-widget-container\">\n\t\t\t\t\t\t\t\t\t<p>Nous avons \u00e0 coeur de travailler sur la diversit\u00e9 des pratiques culturelles et sportives, \u00e0 accompagner des publics isol\u00e9s\u00a0 \u00e0 investir des lieux qui leur semblent &#8220;interdits&#8221;, \u00e0 attirer leur attention sur une discipline m\u00e9connue et \u00e0 les initier \u00e0 de nouvelles pour les sortir de leur isolement.<br \/>Notre action permet chaque ann\u00e9e \u00e0 plusieurs milliers de personnes de maintenir ou de restaurer du lien social et de contribuer ainsi aux politiques de solidarit\u00e9.<\/p>\t\t\t\t\t\t\t\t<\/div>\n\t\t\t\t<\/div>\n\t\t\t\t\t<\/div>\n\t\t<\/div>\n\t\t\t\t\t<\/div>\n\t\t<\/section>\n\t\t\t\t<section class=\"elementor-section elementor-top-section elementor-element elementor-element-18722d7 elementor-section-full_width elementor-section-height-default elementor-section-height-default\" data-id=\"18722d7\" data-element_type=\"section\" data-settings=\"{&quot;_ha_eqh_enable&quot;:false}\">\n\t\t\t\t\t\t<div class=\"elementor-container elementor-column-gap-wide\">\n\t\t\t\t\t<div class=\"elementor-column elementor-col-100 elementor-top-column elementor-element elementor-element-24744fa\" data-id=\"24744fa\" data-element_type=\"column\">\n\t\t\t<div class=\"elementor-widget-wrap elementor-element-populated\">\n\t\t\t\t\t\t<div class=\"elementor-element elementor-element-15da648 elementor-widget__width-inherit elementor-widget elementor-widget-oppi_main_features\" data-id=\"15da648\" data-element_type=\"widget\" data-widget_type=\"oppi_main_features.default\">\n\t\t\t\t<div class=\"elementor-widget-container\">\n\t\t\t\t\t            <section class=\"oppi_travel_featured_wrap\">\n                <div class=\"container\">\n                                                    <div class=\"row oppi_travel_featured_item oppi_travel_featured_left_img\">\n                                    <div class=\"col-lg-6 col-md-12 col-sm-12 col-12\">\n                                        <div class=\"travel_featured_item_img text-right wow fadeInUp\" data-wow-delay=\"0.2s\">\n                                            <img decoding=\"async\" src=\"http:\/\/culture-zatous.com\/wp-content\/uploads\/2022\/08\/desoutilsculturelsetsportifs_mission-1.png\" alt=\"featured_img\" class=\"featured_img img-fluid\">                                        <\/div>\n                                        <div class=\"travel_featured_line text-center\">\n                                            <img decoding=\"async\" src=\"http:\/\/culture-zatous.com\/wp-content\/plugins\/oppi-core\/widgets\/images\/home_travel\/line_01.png\" alt=\"featured_img\" class=\"line_01\">\n                                            <div class=\"travel_featured_line_man\">\n                                                <img decoding=\"async\" src=\"http:\/\/culture-zatous.com\/wp-content\/plugins\/oppi-core\/widgets\/images\/home_travel\/man_travel.png\" alt=\"man_travel\" class=\"man_travel wow fadeInLeft\" data-parallax='{\"x\": 300, \"y\": 0}'>\n                                            <\/div>\n                                        <\/div>\n                                    <\/div>\n                                    <div class=\"col-lg-6 col-md-12 col-sm-12 col-12 pl_100\">\n                                        <div class=\"travel_featured_item_content\">\n                                            <h2 class=\"sec_title wow fadeInUp\" data-wow-delay=\"0.2s\">Des outils culturels et sportifs<\/h2><p class=\"sec_para wow fadeInUp\" data-wow-delay=\"0.3s\">Selon le parcours de vie de l&#039;individu, sa situation d&#039;isolement, nous proposons une offre culturelle adapt\u00e9e.<\/p><div class=\"travel_featured_item wow fadeInUp\" data-wow-delay=\"0.3s\"><p>Nous conseillons d'orienter les personnes tr\u00e8s isol\u00e9es et \u00e9loign\u00e9es des pratiques culturelles et sportives vers des sorties collectives et citoyennes pour un premier contact. Ex : visite d'une biscuiterie, marche douce...<\/p><\/div>                                        <\/div>\n                                    <\/div>\n                                <\/div>\n                                                                <div class=\"row rev_tab_col oppi_travel_featured_item oppi_travel_featured_right_img\">\n                                    <div class=\"col-lg-6 col-md-12 col-sm-12 col-12 pl_100\">\n                                        <div class=\"travel_featured_item_content\">\n                                            <p class=\"sec_para wow fadeInUp\" data-wow-delay=\"0.3s\">La m\u00e9diation culturelle et des ateliers d&#039;initiation \u00e0 la pratique artistique ou sportive.<\/p><div class=\"travel_featured_item wow fadeInUp\" data-wow-delay=\"0.3s\"><p>permettent gr\u00e2ce \u00e0 la dynamique de groupe de cr\u00e9er du lien entre le public et les \u00e9quipements culturels et sportifs.<br \/>De plus, cela se d\u00e9roule la journ\u00e9e, ce qui permet de contrer les probl\u00e8mes de mobilit\u00e9, ou de garde d'enfant, de freins psychologiques.<br \/>Ex : r\u00e9p\u00e9titions publiques, rencontre avec des artistes, ateliers avec un artiste ou un encadrant sportif.<\/p><\/div>                                        <\/div>\n                                    <\/div>\n                                    <div class=\"col-lg-6 col-md-12 col-sm-12 col-12\">\n                                        <div class=\"travel_featured_item_img text-left wow fadeInUp\" data-wow-delay=\"0.2s\">\n                                            <img decoding=\"async\" src=\"http:\/\/culture-zatous.com\/wp-content\/uploads\/2022\/08\/mediation-et-pratique-sportive_mission-1.png\" alt=\"featured_img\" class=\"featured_img img-fluid\">                                        <\/div>\n                                        <div class=\"travel_featured_line text-center\">\n                                            <img decoding=\"async\" src=\"http:\/\/culture-zatous.com\/wp-content\/plugins\/oppi-core\/widgets\/images\/home_travel\/line_02.png\" alt=\"featured_img\" class=\"line_02\">\n                                            <div class=\"travel_featured_line_plan wow fadeInRight\" data-wow-delay=\"0.2s\">\n                                                <img decoding=\"async\" src=\"http:\/\/culture-zatous.com\/wp-content\/plugins\/oppi-core\/widgets\/images\/home_travel\/plan_travel.png\" alt=\"plan_travel\" class=\"plan_travel\" data-parallax='{\"x\": -250, \"y\": 0}'>\n                                            <\/div>\n                                        <\/div>\n                                    <\/div>\n                                <\/div>\n                                                        <div class=\"row\">\n                            <div class=\"col-lg-12 col-md-12 col-sm-12 col-12\">\n                                <div class=\"travel_featured_down_img text-center wow fadeInUp\" data-wow-delay=\"0.2s\">\n                                    <img decoding=\"async\" src=\"http:\/\/culture-zatous.com\/wp-content\/uploads\/2022\/08\/beneficiaires.jpg\" alt=\"featured_bg\"\n                                         class=\"featured_bg img-fluid\">\n                                <\/div>\n                            <\/div>\n                        <\/div>\n                                        <\/div>\n            <\/section>\n            \t\t\t\t<\/div>\n\t\t\t\t<\/div>\n\t\t\t\t\t<\/div>\n\t\t<\/div>\n\t\t\t\t\t<\/div>\n\t\t<\/section>\n\t\t\t\t<section class=\"elementor-section elementor-top-section elementor-element elementor-element-c8b44d1 elementor-section-boxed elementor-section-height-default elementor-section-height-default\" data-id=\"c8b44d1\" data-element_type=\"section\" data-settings=\"{&quot;_ha_eqh_enable&quot;:false}\">\n\t\t\t\t\t\t<div class=\"elementor-container elementor-column-gap-default\">\n\t\t\t\t\t<div class=\"elementor-column elementor-col-100 elementor-top-column elementor-element elementor-element-1ab7a76\" data-id=\"1ab7a76\" data-element_type=\"column\">\n\t\t\t<div class=\"elementor-widget-wrap elementor-element-populated\">\n\t\t\t\t\t\t<div class=\"elementor-element elementor-element-9a4d39d elementor-widget elementor-widget-text-editor\" data-id=\"9a4d39d\" data-element_type=\"widget\" data-widget_type=\"text-editor.default\">\n\t\t\t\t<div class=\"elementor-widget-container\">\n\t\t\t\t\t\t\t\t\t<h4>La billetterie solidaire<\/h4><p>\u00a0<\/p><p>Les \u00e9tapes pr\u00e9c\u00e9dentes permettent au b\u00e9n\u00e9ficiaire de se lib\u00e9rer des freins psychologiques, de gagner en autonomie, de donner les cl\u00e9s de compr\u00e9hension&#8230; La personne se sent davantage pr\u00eate pour entrer dans un \u00e9quipement culturel et appr\u00e9cier sereinement un spectacle.<\/p>\t\t\t\t\t\t\t\t<\/div>\n\t\t\t\t<\/div>\n\t\t\t\t\t<\/div>\n\t\t<\/div>\n\t\t\t\t\t<\/div>\n\t\t<\/section>\n\t\t\t\t<section class=\"elementor-section elementor-top-section elementor-element elementor-element-17fb5d4 elementor-section-boxed elementor-section-height-default elementor-section-height-default\" data-id=\"17fb5d4\" data-element_type=\"section\" data-settings=\"{&quot;_ha_eqh_enable&quot;:false}\">\n\t\t\t\t\t\t<div class=\"elementor-container elementor-column-gap-default\">\n\t\t\t\t\t<div class=\"elementor-column elementor-col-100 elementor-top-column elementor-element elementor-element-a767ae9\" data-id=\"a767ae9\" data-element_type=\"column\">\n\t\t\t<div class=\"elementor-widget-wrap elementor-element-populated\">\n\t\t\t\t\t\t<div class=\"elementor-element elementor-element-2c3e9e0 elementor-widget elementor-widget-oppi_faq\" data-id=\"2c3e9e0\" data-element_type=\"widget\" data-widget_type=\"oppi_faq.default\">\n\t\t\t\t<div class=\"elementor-widget-container\">\n\t\t\t\t\t            <section class=\"oppi_faq_wrap oppi_travel_faq\">\r\n                <div class=\"container\">\r\n                    <div class=\"row\">\r\n                        <div class=\"col-md-12 col-sm-12 col-12\">\r\n                            <h2 class=\"text-center sec_title wow fadeInUp\" data-wow-delay=\"0.2s\">Questions fr\u00e9quentes<\/h2>                            <div class=\"oppi_faq_content\">\r\n                                <div class=\"oppi_accordion\">\r\n                                                                                <div class=\"oppi_faq_item wow fadeInUp \" data-wow-delay=\"0.4s\">\r\n                                                <h5 class=\"oppi_faq_title\" data-toggle=\"collapse\" data-target=\"#app_faq_0\" aria-expanded=\"false\">Qui sont les b\u00e9n\u00e9ficiaires<\/h5>                                                <div id=\"app_faq_0\" class=\"collapse oppi_faq_item_body \" data-parent=\".oppi_accordion\">\r\n                                                    <p class=\"oppi_faq_para\">Les personnes isol\u00e9es, \u00e9loign\u00e9es des pratiques culturelles et sportives. Nous n&#039;appliquons pas de bar\u00e8mes pour s\u00e9lectionner les b\u00e9n\u00e9ficiaires. Nous nous appuyons sur le professionnalisme des r\u00e9f\u00e9rents au sein des structures sociales pour juger qui peut en b\u00e9n\u00e9ficier.<\/p>                                                <\/div>\r\n                                            <\/div>\r\n                                                                                        <div class=\"oppi_faq_item wow fadeInUp open\" data-wow-delay=\"0.4s\">\r\n                                                <h5 class=\"oppi_faq_title\" data-toggle=\"collapse\" data-target=\"#app_faq_1\" aria-expanded=\"false\">Qui peut r\u00e9server ?<\/h5>                                                <div id=\"app_faq_1\" class=\"collapse oppi_faq_item_body show\" data-parent=\".oppi_accordion\">\r\n                                                    <p class=\"oppi_faq_para\">Nous ne prenons pas de r\u00e9servation directement avec le public. Ce sont les r\u00e9f\u00e9rents sociaux qui se chargent de r\u00e9server au nom des personnes suivies. Ils connaissent leur public, ils peuvent donc s\u00e9lectionner une offre adapt\u00e9e au profil de la personne. Afin de lever les freins, nous orientons les b\u00e9n\u00e9ficiaires et les r\u00e9f\u00e9rents vers des offres de sorties, adapt\u00e9es au parcours de vie de la personne.<\/p>                                                <\/div>\r\n                                            <\/div>\r\n                                                                                        <div class=\"oppi_faq_item wow fadeInUp \" data-wow-delay=\"0.4s\">\r\n                                                <h5 class=\"oppi_faq_title\" data-toggle=\"collapse\" data-target=\"#app_faq_2\" aria-expanded=\"false\">Comment devenir r\u00e9f\u00e9rent ?<\/h5>                                                <div id=\"app_faq_2\" class=\"collapse oppi_faq_item_body \" data-parent=\".oppi_accordion\">\r\n                                                    <p class=\"oppi_faq_para\">C&#039;est simple, il suffit de d\u00e9signer un ou plusieurs r\u00e9f\u00e9rents par structure. Seules les structures \u00e0 jour de leur cotisation peuvent r\u00e9server. La cotisation est de 120 \u20ac pour acc\u00e9der aux pratiques artistiques et sportives.<\/p>                                                <\/div>\r\n                                            <\/div>\r\n                                                                                        <div class=\"oppi_faq_item wow fadeInUp \" data-wow-delay=\"0.4s\">\r\n                                                <h5 class=\"oppi_faq_title\" data-toggle=\"collapse\" data-target=\"#app_faq_3\" aria-expanded=\"false\">Comment r\u00e9server<\/h5>                                                <div id=\"app_faq_3\" class=\"collapse oppi_faq_item_body \" data-parent=\".oppi_accordion\">\r\n                                                    <p class=\"oppi_faq_para\">Nos partenaires relais se connectent librement, \u00e0 l&#039;aide de leurs identifiants, sur notre site internet et indiquent le nombre de places qu&#039;ils souhaitent r\u00e9server ainsi que le nom des b\u00e9n\u00e9ficiaires. Un email de r\u00e9servation valide leur r\u00e9servation. Ils impriment et compl\u00e8tent la contremarque nominative qui permettra aux b\u00e9n\u00e9ficiaire de l&#039;\u00e9changer contre un ticket \u00e0 l&#039;accueil de la structure culturelle ou sportive. Vous avez r\u00e9serv\u00e9 un ticket pour un festival, la piscine... ou une autre structure de loisirs ? C&#039;est alors aupr\u00e8s de nous que vous devez \u00e9changer la contremarque contre un billet.<\/p>                                                <\/div>\r\n                                            <\/div>\r\n                                                                            <\/div>\r\n                            <\/div>\r\n                        <\/div>\r\n                    <\/div>\r\n                <\/div>\r\n            <\/section>\r\n            \t\t\t\t<\/div>\n\t\t\t\t<\/div>\n\t\t\t\t\t<\/div>\n\t\t<\/div>\n\t\t\t\t\t<\/div>\n\t\t<\/section>\n\t\t\t\t<\/div>\n\t\t","protected":false},"excerpt":{"rendered":"<p>Un \u00e9cosyst\u00e8me solidaire En collaboration avec des structures sociales et des acteurs culturels locaux, Culture Zatous facilite l&#8217;acc\u00e8s et la pratique de la culture, du sport et du loisirs pour des personnes isol\u00e9es et fragilis\u00e9es. Depuis 2004, le r\u00e9seau solidaire contribue \u00e0 lever les barri\u00e8res financi\u00e8res, symboliques et psychologiques. L&#8217;\u00e9quipe m\u00e8ne des actions tout au&#8230;<\/p>\n","protected":false},"author":2,"featured_media":0,"parent":0,"menu_order":0,"comment_status":"closed","ping_status":"closed","template":"elementor_header_footer","meta":{"footnotes":""},"class_list":["post-2078","page","type-page","status-publish","hentry","no-post-thumbnail"],"acf":[],"_links":{"self":[{"href":"http:\/\/culture-zatous.com\/index.php?rest_route=\/wp\/v2\/pages\/2078","targetHints":{"allow":["GET"]}}],"collection":[{"href":"http:\/\/culture-zatous.com\/index.php?rest_route=\/wp\/v2\/pages"}],"about":[{"href":"http:\/\/culture-zatous.com\/index.php?rest_route=\/wp\/v2\/types\/page"}],"author":[{"embeddable":true,"href":"http:\/\/culture-zatous.com\/index.php?rest_route=\/wp\/v2\/users\/2"}],"replies":[{"embeddable":true,"href":"http:\/\/culture-zatous.com\/index.php?rest_route=%2Fwp%2Fv2%2Fcomments&post=2078"}],"version-history":[{"count":158,"href":"http:\/\/culture-zatous.com\/index.php?rest_route=\/wp\/v2\/pages\/2078\/revisions"}],"predecessor-version":[{"id":4837,"href":"http:\/\/culture-zatous.com\/index.php?rest_route=\/wp\/v2\/pages\/2078\/revisions\/4837"}],"wp:attachment":[{"href":"http:\/\/culture-zatous.com\/index.php?rest_route=%2Fwp%2Fv2%2Fmedia&parent=2078"}],"curies":[{"name":"wp","href":"https:\/\/api.w.org\/{rel}","templated":true}]}}